{"id":44581,"date":"2025-11-02T01:03:02","date_gmt":"2025-11-02T01:03:02","guid":{"rendered":"https:\/\/mimosababy.es\/?post_type=product&#038;p=44581"},"modified":"2025-12-15T22:26:57","modified_gmt":"2025-12-15T22:26:57","slug":"cuello-babero-vichy-rosa","status":"publish","type":"product","link":"https:\/\/mimosababy.es\/index.php\/product\/cuello-babero-vichy-rosa\/","title":{"rendered":"Cuello Babero Vichy Rosa"},"content":{"rendered":"<p>Los cuellos son los productos mas estilosos para proteger a tu beb\u00e9 de las babas evitando que se manchen la ropa.<\/p>\n<p>Son los accesorios vas vers\u00e1tiles de <em>quita y pon<\/em> que eleva jerseys, peleles o b\u00e1sicos, convirti\u00e9ndolo en el complemento mas imprescindible para ocasiones especiales o para dar un estilo \u00fanico al d\u00eda a d\u00eda. Llevan bot\u00f3n &#8220;snap&#8221; para que sean r\u00e1pidos y f\u00e1ciles de poner y quitar.<\/p>\n<p>&nbsp;<\/p>\n<p>Recuerda que estas comprando un producto handmade, por lo que las medidas son aproximadas. Cada producto es \u00fanico.<\/p>\n","protected":false},"excerpt":{"rendered":"<p>Los cuellos son los productos mas estilosos para proteger a tu beb\u00e9 de las babas evitando que se manchen la ropa. Son los accesorios vas vers\u00e1tiles de quita y pon que eleva jerseys, peleles o b\u00e1sicos, convirti\u00e9ndolo en el complemento mas imprescindible para ocasiones especiales o para dar un estilo \u00fanico al d\u00eda a d\u00eda. [&hellip;]<\/p>\n","protected":false},"featured_media":44571,"comment_status":"open","ping_status":"closed","template":"","meta":{"_joinchat":[]},"product_cat":[15,239],"product_tag":[],"class_list":{"0":"post-44581","1":"product","2":"type-product","3":"status-publish","4":"has-post-thumbnail","6":"product_brand-mimosa","7":"product_cat-uncategorized","8":"product_cat-otros","9":"pa_composicion-100-aldogon","10":"pa_cuidados-no-lavar-a-mas-de-30o","11":"pa_fornituras-snap-plastico-blanco","12":"pa_tacto-suave-calido-y-agradable","15":"first","16":"outofstock","17":"taxable","18":"shipping-taxable","19":"purchasable","20":"product-type-simple"},"_links":{"self":[{"href":"https:\/\/mimosababy.es\/index.php\/wp-json\/wp\/v2\/product\/44581","targetHints":{"allow":["GET"]}}],"collection":[{"href":"https:\/\/mimosababy.es\/index.php\/wp-json\/wp\/v2\/product"}],"about":[{"href":"https:\/\/mimosababy.es\/index.php\/wp-json\/wp\/v2\/types\/product"}],"replies":[{"embeddable":true,"href":"https:\/\/mimosababy.es\/index.php\/wp-json\/wp\/v2\/comments?post=44581"}],"wp:featuredmedia":[{"embeddable":true,"href":"https:\/\/mimosababy.es\/index.php\/wp-json\/wp\/v2\/media\/44571"}],"wp:attachment":[{"href":"https:\/\/mimosababy.es\/index.php\/wp-json\/wp\/v2\/media?parent=44581"}],"wp:term":[{"taxonomy":"product_cat","embeddable":true,"href":"https:\/\/mimosababy.es\/index.php\/wp-json\/wp\/v2\/product_cat?post=44581"},{"taxonomy":"product_tag","embeddable":true,"href":"https:\/\/mimosababy.es\/index.php\/wp-json\/wp\/v2\/product_tag?post=44581"}],"curies":[{"name":"wp","href":"https:\/\/api.w.org\/{rel}","templated":true}]}}