{"id":44543,"date":"2024-11-15T23:43:06","date_gmt":"2024-11-15T23:43:06","guid":{"rendered":"https:\/\/mimosababy.es\/?post_type=product&#038;p=44543"},"modified":"2025-01-13T21:44:20","modified_gmt":"2025-01-13T21:44:20","slug":"totte-bag-acolchada-vichy-gris-con-volantes","status":"publish","type":"product","link":"https:\/\/mimosababy.es\/index.php\/product\/totte-bag-acolchada-vichy-gris-con-volantes\/","title":{"rendered":"TOTE BAG ACOLCHADA VICHY GRIS CON VOLANTES"},"content":{"rendered":"<p>La bolsa perfecta para tu d\u00eda a d\u00eda.<\/p>\n<p>Est\u00e1 acolchada, lleva bolsillo exterior que se cierra con un bot\u00f3n de clip, r\u00e1pido y f\u00e1cil. Y est\u00e1 adornada con volantes en la parte superior como en la parte superior del bolsillo que le da un toque mas especial.<\/p>\n<p>Es ideal para los recados diarios y est\u00e1n muy de moda para usar como bolso para todos los d\u00edas.<\/p>\n<p>Recuerda que estas comprando un producto handmade, por lo que las medidas son aproximadas. Cada producto es \u00fanico.<\/p>\n","protected":false},"excerpt":{"rendered":"<p>La bolsa perfecta para tu d\u00eda a d\u00eda. Est\u00e1 acolchada, lleva bolsillo exterior que se cierra con un bot\u00f3n de clip, r\u00e1pido y f\u00e1cil. Y est\u00e1 adornada con volantes en la parte superior como en la parte superior del bolsillo que le da un toque mas especial. Es ideal para los recados diarios y est\u00e1n [&hellip;]<\/p>\n","protected":false},"featured_media":44544,"comment_status":"open","ping_status":"closed","template":"","meta":{"_joinchat":[]},"product_cat":[15,237],"product_tag":[],"class_list":{"0":"post-44543","1":"product","2":"type-product","3":"status-publish","4":"has-post-thumbnail","6":"product_cat-uncategorized","7":"product_cat-tote-bag","8":"pa_composicion-exterior-algodon-60-y-40-poliester-relleno-100-poliester-volantes-algodon-100","9":"pa_cuidados-no-lavar-a-mas-de-30o","10":"pa_fornituras-snap-plastico-blanco","13":"first","14":"outofstock","15":"purchasable","16":"product-type-simple"},"_links":{"self":[{"href":"https:\/\/mimosababy.es\/index.php\/wp-json\/wp\/v2\/product\/44543","targetHints":{"allow":["GET"]}}],"collection":[{"href":"https:\/\/mimosababy.es\/index.php\/wp-json\/wp\/v2\/product"}],"about":[{"href":"https:\/\/mimosababy.es\/index.php\/wp-json\/wp\/v2\/types\/product"}],"replies":[{"embeddable":true,"href":"https:\/\/mimosababy.es\/index.php\/wp-json\/wp\/v2\/comments?post=44543"}],"wp:featuredmedia":[{"embeddable":true,"href":"https:\/\/mimosababy.es\/index.php\/wp-json\/wp\/v2\/media\/44544"}],"wp:attachment":[{"href":"https:\/\/mimosababy.es\/index.php\/wp-json\/wp\/v2\/media?parent=44543"}],"wp:term":[{"taxonomy":"product_cat","embeddable":true,"href":"https:\/\/mimosababy.es\/index.php\/wp-json\/wp\/v2\/product_cat?post=44543"},{"taxonomy":"product_tag","embeddable":true,"href":"https:\/\/mimosababy.es\/index.php\/wp-json\/wp\/v2\/product_tag?post=44543"}],"curies":[{"name":"wp","href":"https:\/\/api.w.org\/{rel}","templated":true}]}}