{"id":44232,"date":"2024-03-23T21:01:39","date_gmt":"2024-03-23T21:01:39","guid":{"rendered":"https:\/\/mimosababy.es\/wordpress_2\/?post_type=product&#038;p=44232"},"modified":"2025-01-19T00:39:24","modified_gmt":"2025-01-19T00:39:24","slug":"canastilla-ramas","status":"publish","type":"product","link":"https:\/\/mimosababy.es\/index.php\/product\/canastilla-ramas\/","title":{"rendered":"Pack regalo &#8220;RAMAS&#8221;"},"content":{"rendered":"<p>\u00bfTienes que hacer un regalo a una reciente mam\u00e1 o reci\u00e9n nacido? \u00bfNecesitas hacer un detalle de bienvenida a un nuevo beb\u00e9 o tener un detalle para un baby shower? Si quieres ser diferente y \u00fanica;<\/p>\n<p>&#8220;La canastilla Ramas&#8221; es la opci\u00f3n que estas buscando, tiene dos productos b\u00e1sicos y pr\u00e1cticos para hacer de ese detalle un regalo especial: bolsa multiusos impermeable y pack de toallas mini con m\u00faltiples usos.<\/p>\n<p>Recuerda que estas comprando un producto handmade, por lo que las medidas son aproximadas. Cada producto es \u00fanico<\/p>\n","protected":false},"excerpt":{"rendered":"<p>\u00bfTienes que hacer un regalo a una reciente mam\u00e1 o reci\u00e9n nacido? \u00bfNecesitas hacer un detalle de bienvenida a un nuevo beb\u00e9 o tener un detalle para un baby shower? Si quieres ser diferente y \u00fanica; &#8220;La canastilla Ramas&#8221; es la opci\u00f3n que estas buscando, tiene dos productos b\u00e1sicos y pr\u00e1cticos para hacer de ese [&hellip;]<\/p>\n","protected":false},"featured_media":44239,"comment_status":"open","ping_status":"closed","template":"","meta":{"_joinchat":[]},"product_cat":[149],"product_tag":[],"class_list":{"0":"post-44232","1":"product","2":"type-product","3":"status-publish","4":"has-post-thumbnail","6":"product_cat-pack-regalos-canastillas","7":"pa_composicion-algodon-100-toalla-bambu-40-algodon-40-bambu-20-poliester-pul-impermeable-78-poliester-y-22-poliuretano","8":"pa_fornituras-cuerda-100-algodon","11":"first","12":"instock","13":"purchasable","14":"product-type-simple"},"_links":{"self":[{"href":"https:\/\/mimosababy.es\/index.php\/wp-json\/wp\/v2\/product\/44232","targetHints":{"allow":["GET"]}}],"collection":[{"href":"https:\/\/mimosababy.es\/index.php\/wp-json\/wp\/v2\/product"}],"about":[{"href":"https:\/\/mimosababy.es\/index.php\/wp-json\/wp\/v2\/types\/product"}],"replies":[{"embeddable":true,"href":"https:\/\/mimosababy.es\/index.php\/wp-json\/wp\/v2\/comments?post=44232"}],"wp:featuredmedia":[{"embeddable":true,"href":"https:\/\/mimosababy.es\/index.php\/wp-json\/wp\/v2\/media\/44239"}],"wp:attachment":[{"href":"https:\/\/mimosababy.es\/index.php\/wp-json\/wp\/v2\/media?parent=44232"}],"wp:term":[{"taxonomy":"product_cat","embeddable":true,"href":"https:\/\/mimosababy.es\/index.php\/wp-json\/wp\/v2\/product_cat?post=44232"},{"taxonomy":"product_tag","embeddable":true,"href":"https:\/\/mimosababy.es\/index.php\/wp-json\/wp\/v2\/product_tag?post=44232"}],"curies":[{"name":"wp","href":"https:\/\/api.w.org\/{rel}","templated":true}]}}